{"id":203,"date":"2023-10-18T00:57:17","date_gmt":"2023-10-18T00:57:17","guid":{"rendered":"https:\/\/acuariosdelmar.com.ec\/site\/?post_type=product&#038;p=203"},"modified":"2023-11-01T01:07:47","modified_gmt":"2023-11-01T01:07:47","slug":"filtracion-ultravioleta","status":"publish","type":"product","link":"https:\/\/acuariosdelmar.com.ec\/site\/producto\/filtracion-ultravioleta\/","title":{"rendered":"Filtraci\u00f3n Ultravioleta"},"content":{"rendered":"<p><img fetchpriority=\"high\" decoding=\"async\" class=\"alignnone wp-image-372 size-large\" src=\"https:\/\/acuariosdelmar.com.ec\/site\/wp-content\/uploads\/2023\/10\/uv1-1024x234.jpg\" alt=\"\" width=\"800\" height=\"183\" srcset=\"https:\/\/acuariosdelmar.com.ec\/site\/wp-content\/uploads\/2023\/10\/uv1-1024x234.jpg 1024w, https:\/\/acuariosdelmar.com.ec\/site\/wp-content\/uploads\/2023\/10\/uv1-300x69.jpg 300w, https:\/\/acuariosdelmar.com.ec\/site\/wp-content\/uploads\/2023\/10\/uv1-768x175.jpg 768w, https:\/\/acuariosdelmar.com.ec\/site\/wp-content\/uploads\/2023\/10\/uv1-1536x351.jpg 1536w, https:\/\/acuariosdelmar.com.ec\/site\/wp-content\/uploads\/2023\/10\/uv1-2048x468.jpg 2048w, https:\/\/acuariosdelmar.com.ec\/site\/wp-content\/uploads\/2023\/10\/uv1-600x137.jpg 600w\" sizes=\"(max-width: 800px) 100vw, 800px\" \/> <img decoding=\"async\" class=\"alignnone wp-image-373 size-large\" src=\"https:\/\/acuariosdelmar.com.ec\/site\/wp-content\/uploads\/2023\/10\/uv2-1024x236.jpg\" alt=\"\" width=\"800\" height=\"184\" srcset=\"https:\/\/acuariosdelmar.com.ec\/site\/wp-content\/uploads\/2023\/10\/uv2-1024x236.jpg 1024w, https:\/\/acuariosdelmar.com.ec\/site\/wp-content\/uploads\/2023\/10\/uv2-300x69.jpg 300w, https:\/\/acuariosdelmar.com.ec\/site\/wp-content\/uploads\/2023\/10\/uv2-768x177.jpg 768w, https:\/\/acuariosdelmar.com.ec\/site\/wp-content\/uploads\/2023\/10\/uv2-1536x354.jpg 1536w, https:\/\/acuariosdelmar.com.ec\/site\/wp-content\/uploads\/2023\/10\/uv2-2048x472.jpg 2048w, https:\/\/acuariosdelmar.com.ec\/site\/wp-content\/uploads\/2023\/10\/uv2-600x138.jpg 600w\" sizes=\"(max-width: 800px) 100vw, 800px\" \/><\/p>\n","protected":false},"excerpt":{"rendered":"<h3>Caracter\u00edsticas generales<\/h3>\n<p>Estos sistemas UV son eficientes a nivel hidr\u00e1ulico y garantizan una mezcla hidr\u00e1ulica adecuada dentro del recipiente. Esto optimiza la distribuci\u00f3n de la intensidad de la luz UV a trav\u00e9s del campo de la lampara para una entrega de fluencia confiable. Cuentan con construcci\u00f3n en pl\u00e1stico Schedule 80 PVC, adecuada espec\u00edficamente para las construcciones corrosivas del agua salada. Los sistemas UV CLP tienen un conjunto de vidrio de \u00fanico extremo, gabinete de suministro de energ\u00eda termopl\u00e1stico y NEMA 4X remoto.<\/p>\n<p><strong>Caracter\u00edsticas del sistema<\/strong><\/p>\n<ul>\n<li>Se incluye paquete b\u00e1sico de control (paquete PCL opcional disponible)<\/li>\n<li>El balastro electr\u00f3nico mejorado, de avanzada, con el tama\u00f1o preciso para los requisitos de potencia de la lampara, garantiza una salida UV-C \u00f3ptima y una m\u00e1xima vida \u00fatil de la lampara.<\/li>\n<li>La huella compacta reduce el espacio de funcionamiento necesario<\/li>\n<li>La construcci\u00f3n en Sch. 80 PVC es resistente y puede soportar presiones internas m\u00e1s altas que los recipientes de polipropileno y HDPE<\/li>\n<li>La l\u00e1mpara UV de un solo extremo y acceso a la de cuarzo permiten una reparaci\u00f3n m\u00e1s f\u00e1cil<\/li>\n<li>El dise\u00f1o impermeable protege todas las partes el\u00e9ctricas de da\u00f1os por contacto con el agua<\/li>\n<li>L\u00e1mparas UV de gran potencia que ofrecen 12.000 horas de funcionamiento continuo (80% de eficiencia despu\u00e9s de las 12.000horas)<\/li>\n<li>Elecci\u00f3n de estilos de puertos de entrada y salida<\/li>\n<li>Cable de alimentaci\u00f3n de 6&#8242; y cable de la lampara de 20\u00b4<\/li>\n<\/ul>\n","protected":false},"featured_media":210,"template":"","meta":[],"product_brand":[],"product_cat":[26],"product_tag":[],"class_list":{"0":"post-203","1":"product","2":"type-product","3":"status-publish","4":"has-post-thumbnail","6":"product_cat-filtracion","8":"first","9":"instock","10":"shipping-taxable","11":"product-type-simple"},"_links":{"self":[{"href":"https:\/\/acuariosdelmar.com.ec\/site\/wp-json\/wp\/v2\/product\/203","targetHints":{"allow":["GET"]}}],"collection":[{"href":"https:\/\/acuariosdelmar.com.ec\/site\/wp-json\/wp\/v2\/product"}],"about":[{"href":"https:\/\/acuariosdelmar.com.ec\/site\/wp-json\/wp\/v2\/types\/product"}],"wp:featuredmedia":[{"embeddable":true,"href":"https:\/\/acuariosdelmar.com.ec\/site\/wp-json\/wp\/v2\/media\/210"}],"wp:attachment":[{"href":"https:\/\/acuariosdelmar.com.ec\/site\/wp-json\/wp\/v2\/media?parent=203"}],"wp:term":[{"taxonomy":"product_brand","embeddable":true,"href":"https:\/\/acuariosdelmar.com.ec\/site\/wp-json\/wp\/v2\/product_brand?post=203"},{"taxonomy":"product_cat","embeddable":true,"href":"https:\/\/acuariosdelmar.com.ec\/site\/wp-json\/wp\/v2\/product_cat?post=203"},{"taxonomy":"product_tag","embeddable":true,"href":"https:\/\/acuariosdelmar.com.ec\/site\/wp-json\/wp\/v2\/product_tag?post=203"}],"curies":[{"name":"wp","href":"https:\/\/api.w.org\/{rel}","templated":true}]}}