{"id":293,"date":"2023-10-19T20:43:44","date_gmt":"2023-10-19T20:43:44","guid":{"rendered":"https:\/\/acuariosdelmar.com.ec\/site\/?post_type=product&#038;p=293"},"modified":"2023-11-01T01:07:17","modified_gmt":"2023-11-01T01:07:17","slug":"bolsos-filtrantes","status":"publish","type":"product","link":"https:\/\/acuariosdelmar.com.ec\/site\/producto\/bolsos-filtrantes\/","title":{"rendered":"Bolsos filtrantes"},"content":{"rendered":"<p><img decoding=\"async\" class=\"alignnone wp-image-294 size-medium\" src=\"https:\/\/acuariosdelmar.com.ec\/site\/wp-content\/uploads\/2023\/10\/bolsos-filtrantes-300x112.jpg\" alt=\"\" width=\"300\" height=\"112\" srcset=\"https:\/\/acuariosdelmar.com.ec\/site\/wp-content\/uploads\/2023\/10\/bolsos-filtrantes-300x112.jpg 300w, https:\/\/acuariosdelmar.com.ec\/site\/wp-content\/uploads\/2023\/10\/bolsos-filtrantes-1024x384.jpg 1024w, https:\/\/acuariosdelmar.com.ec\/site\/wp-content\/uploads\/2023\/10\/bolsos-filtrantes-768x288.jpg 768w, https:\/\/acuariosdelmar.com.ec\/site\/wp-content\/uploads\/2023\/10\/bolsos-filtrantes-600x225.jpg 600w, https:\/\/acuariosdelmar.com.ec\/site\/wp-content\/uploads\/2023\/10\/bolsos-filtrantes.jpg 1081w\" sizes=\"(max-width: 300px) 100vw, 300px\" \/> <img fetchpriority=\"high\" decoding=\"async\" class=\"alignnone size-medium wp-image-239\" src=\"https:\/\/acuariosdelmar.com.ec\/site\/wp-content\/uploads\/2023\/10\/Recurso-34@4x-e1697748501574-300x198.png\" alt=\"\" width=\"300\" height=\"198\" srcset=\"https:\/\/acuariosdelmar.com.ec\/site\/wp-content\/uploads\/2023\/10\/Recurso-34@4x-e1697748501574-300x198.png 300w, https:\/\/acuariosdelmar.com.ec\/site\/wp-content\/uploads\/2023\/10\/Recurso-34@4x-e1697748501574-1024x677.png 1024w, https:\/\/acuariosdelmar.com.ec\/site\/wp-content\/uploads\/2023\/10\/Recurso-34@4x-e1697748501574-768x508.png 768w, https:\/\/acuariosdelmar.com.ec\/site\/wp-content\/uploads\/2023\/10\/Recurso-34@4x-e1697748501574-600x397.png 600w, https:\/\/acuariosdelmar.com.ec\/site\/wp-content\/uploads\/2023\/10\/Recurso-34@4x-e1697748501574.png 1041w\" sizes=\"(max-width: 300px) 100vw, 300px\" \/><\/p>\n","protected":false},"excerpt":{"rendered":"<h3>Caracter\u00edsticas generales<\/h3>\n<p>Bolsos para filtraci\u00f3n de procesos v\u00eda l\u00edquida.<\/p>\n<p>Fabricadas 100% con fibras sint\u00e9ticas de polipropileno, poli\u00e9ster, tefl\u00f3n o nylon monofilamento.<\/p>\n<p>El proceso de filtraci\u00f3n de l\u00edquidos con bolsos filtrantes funciona como un filtro de profundidad y es muy recomendable para filtrar l\u00edquidos con un gran n\u00famero de part\u00edculas s\u00f3lidas o gelatinosas.<\/p>\n<p>En un filtro de profundidad, el \u00e1rea disponible para la retenci\u00f3n de s\u00f3lidos no es solo la superficie del elemento de filtro, tambi\u00e9n act\u00faa el grosor del medio filtrante a trav\u00e9s del cual se pasa.<\/p>\n<p>La principal ventaja es su alta capacidad de retenci\u00f3n de part\u00edculas y su alto flujo.<\/p>\n","protected":false},"featured_media":238,"template":"","meta":[],"product_brand":[],"product_cat":[26],"product_tag":[],"class_list":{"0":"post-293","1":"product","2":"type-product","3":"status-publish","4":"has-post-thumbnail","6":"product_cat-filtracion","8":"first","9":"instock","10":"shipping-taxable","11":"product-type-simple"},"_links":{"self":[{"href":"https:\/\/acuariosdelmar.com.ec\/site\/wp-json\/wp\/v2\/product\/293","targetHints":{"allow":["GET"]}}],"collection":[{"href":"https:\/\/acuariosdelmar.com.ec\/site\/wp-json\/wp\/v2\/product"}],"about":[{"href":"https:\/\/acuariosdelmar.com.ec\/site\/wp-json\/wp\/v2\/types\/product"}],"wp:featuredmedia":[{"embeddable":true,"href":"https:\/\/acuariosdelmar.com.ec\/site\/wp-json\/wp\/v2\/media\/238"}],"wp:attachment":[{"href":"https:\/\/acuariosdelmar.com.ec\/site\/wp-json\/wp\/v2\/media?parent=293"}],"wp:term":[{"taxonomy":"product_brand","embeddable":true,"href":"https:\/\/acuariosdelmar.com.ec\/site\/wp-json\/wp\/v2\/product_brand?post=293"},{"taxonomy":"product_cat","embeddable":true,"href":"https:\/\/acuariosdelmar.com.ec\/site\/wp-json\/wp\/v2\/product_cat?post=293"},{"taxonomy":"product_tag","embeddable":true,"href":"https:\/\/acuariosdelmar.com.ec\/site\/wp-json\/wp\/v2\/product_tag?post=293"}],"curies":[{"name":"wp","href":"https:\/\/api.w.org\/{rel}","templated":true}]}}