{"id":318,"date":"2023-10-19T21:47:15","date_gmt":"2023-10-19T21:47:15","guid":{"rendered":"https:\/\/acuariosdelmar.com.ec\/site\/?post_type=product&#038;p=318"},"modified":"2023-11-01T01:34:08","modified_gmt":"2023-11-01T01:34:08","slug":"bombas-para-acuacultura-comercial","status":"publish","type":"product","link":"https:\/\/acuariosdelmar.com.ec\/site\/producto\/bombas-para-acuacultura-comercial\/","title":{"rendered":"Bombas para acuacultura comercial"},"content":{"rendered":"<p><img fetchpriority=\"high\" decoding=\"async\" class=\"alignnone wp-image-319 size-large\" src=\"https:\/\/acuariosdelmar.com.ec\/site\/wp-content\/uploads\/2023\/10\/bombas-para-acuacultur-comercial-1024x696.jpg\" alt=\"\" width=\"800\" height=\"544\" srcset=\"https:\/\/acuariosdelmar.com.ec\/site\/wp-content\/uploads\/2023\/10\/bombas-para-acuacultur-comercial-1024x696.jpg 1024w, https:\/\/acuariosdelmar.com.ec\/site\/wp-content\/uploads\/2023\/10\/bombas-para-acuacultur-comercial-300x204.jpg 300w, https:\/\/acuariosdelmar.com.ec\/site\/wp-content\/uploads\/2023\/10\/bombas-para-acuacultur-comercial-768x522.jpg 768w, https:\/\/acuariosdelmar.com.ec\/site\/wp-content\/uploads\/2023\/10\/bombas-para-acuacultur-comercial-600x408.jpg 600w, https:\/\/acuariosdelmar.com.ec\/site\/wp-content\/uploads\/2023\/10\/bombas-para-acuacultur-comercial.jpg 1075w\" sizes=\"(max-width: 800px) 100vw, 800px\" \/><\/p>\n<h1>Curva de perdida de fricci\u00f3n solo para\u00a0 deposito de colador<\/h1>\n<p><img decoding=\"async\" class=\"alignnone wp-image-326 size-full\" src=\"https:\/\/acuariosdelmar.com.ec\/site\/wp-content\/uploads\/2023\/10\/Recurso-53@4x.png\" alt=\"\" width=\"787\" height=\"412\" srcset=\"https:\/\/acuariosdelmar.com.ec\/site\/wp-content\/uploads\/2023\/10\/Recurso-53@4x.png 787w, https:\/\/acuariosdelmar.com.ec\/site\/wp-content\/uploads\/2023\/10\/Recurso-53@4x-300x157.png 300w, https:\/\/acuariosdelmar.com.ec\/site\/wp-content\/uploads\/2023\/10\/Recurso-53@4x-768x402.png 768w, https:\/\/acuariosdelmar.com.ec\/site\/wp-content\/uploads\/2023\/10\/Recurso-53@4x-600x314.png 600w\" sizes=\"(max-width: 787px) 100vw, 787px\" \/><\/p>\n<h1>Cabezal bajo \/ caudal alto<\/h1>\n<p><img decoding=\"async\" class=\"alignnone wp-image-325 size-full\" src=\"https:\/\/acuariosdelmar.com.ec\/site\/wp-content\/uploads\/2023\/10\/Recurso-52@4x.png\" alt=\"\" width=\"794\" height=\"419\" srcset=\"https:\/\/acuariosdelmar.com.ec\/site\/wp-content\/uploads\/2023\/10\/Recurso-52@4x.png 794w, https:\/\/acuariosdelmar.com.ec\/site\/wp-content\/uploads\/2023\/10\/Recurso-52@4x-300x158.png 300w, https:\/\/acuariosdelmar.com.ec\/site\/wp-content\/uploads\/2023\/10\/Recurso-52@4x-768x405.png 768w, https:\/\/acuariosdelmar.com.ec\/site\/wp-content\/uploads\/2023\/10\/Recurso-52@4x-600x317.png 600w\" sizes=\"(max-width: 794px) 100vw, 794px\" \/><\/p>\n<h1>Trif\u00e1sica<\/h1>\n<p><img loading=\"lazy\" decoding=\"async\" class=\"alignnone wp-image-324 size-full\" src=\"https:\/\/acuariosdelmar.com.ec\/site\/wp-content\/uploads\/2023\/10\/Recurso-51@4x.png\" alt=\"\" width=\"794\" height=\"424\" srcset=\"https:\/\/acuariosdelmar.com.ec\/site\/wp-content\/uploads\/2023\/10\/Recurso-51@4x.png 794w, https:\/\/acuariosdelmar.com.ec\/site\/wp-content\/uploads\/2023\/10\/Recurso-51@4x-300x160.png 300w, https:\/\/acuariosdelmar.com.ec\/site\/wp-content\/uploads\/2023\/10\/Recurso-51@4x-768x410.png 768w, https:\/\/acuariosdelmar.com.ec\/site\/wp-content\/uploads\/2023\/10\/Recurso-51@4x-600x320.png 600w\" sizes=\"(max-width: 794px) 100vw, 794px\" \/><\/p>\n<h1>Monof\u00e1sica<\/h1>\n<p><img loading=\"lazy\" decoding=\"async\" class=\"alignnone wp-image-323 size-full\" src=\"https:\/\/acuariosdelmar.com.ec\/site\/wp-content\/uploads\/2023\/10\/Recurso-50@4x.png\" alt=\"\" width=\"802\" height=\"419\" srcset=\"https:\/\/acuariosdelmar.com.ec\/site\/wp-content\/uploads\/2023\/10\/Recurso-50@4x.png 802w, https:\/\/acuariosdelmar.com.ec\/site\/wp-content\/uploads\/2023\/10\/Recurso-50@4x-300x157.png 300w, https:\/\/acuariosdelmar.com.ec\/site\/wp-content\/uploads\/2023\/10\/Recurso-50@4x-768x401.png 768w, https:\/\/acuariosdelmar.com.ec\/site\/wp-content\/uploads\/2023\/10\/Recurso-50@4x-600x313.png 600w\" sizes=\"(max-width: 802px) 100vw, 802px\" \/><\/p>\n<h1>Deposito del colador de la bomba Verus de 6&#8243; x 4&#8243;<\/h1>\n<h1><img loading=\"lazy\" decoding=\"async\" class=\"alignnone wp-image-321 size-full\" src=\"https:\/\/acuariosdelmar.com.ec\/site\/wp-content\/uploads\/2023\/10\/Recurso-48@4x.png\" alt=\"\" width=\"1021\" height=\"625\" srcset=\"https:\/\/acuariosdelmar.com.ec\/site\/wp-content\/uploads\/2023\/10\/Recurso-48@4x.png 1021w, https:\/\/acuariosdelmar.com.ec\/site\/wp-content\/uploads\/2023\/10\/Recurso-48@4x-300x184.png 300w, https:\/\/acuariosdelmar.com.ec\/site\/wp-content\/uploads\/2023\/10\/Recurso-48@4x-768x470.png 768w, https:\/\/acuariosdelmar.com.ec\/site\/wp-content\/uploads\/2023\/10\/Recurso-48@4x-600x367.png 600w\" sizes=\"(max-width: 1021px) 100vw, 1021px\" \/><\/h1>\n<h1>Bomba Verus sin deposito de colador<\/h1>\n<p><img loading=\"lazy\" decoding=\"async\" class=\"alignnone wp-image-322 size-full\" src=\"https:\/\/acuariosdelmar.com.ec\/site\/wp-content\/uploads\/2023\/10\/Recurso-49@4x.png\" alt=\"\" width=\"1005\" height=\"640\" srcset=\"https:\/\/acuariosdelmar.com.ec\/site\/wp-content\/uploads\/2023\/10\/Recurso-49@4x.png 1005w, https:\/\/acuariosdelmar.com.ec\/site\/wp-content\/uploads\/2023\/10\/Recurso-49@4x-300x191.png 300w, https:\/\/acuariosdelmar.com.ec\/site\/wp-content\/uploads\/2023\/10\/Recurso-49@4x-768x489.png 768w, https:\/\/acuariosdelmar.com.ec\/site\/wp-content\/uploads\/2023\/10\/Recurso-49@4x-600x382.png 600w\" sizes=\"(max-width: 1005px) 100vw, 1005px\" \/><\/p>\n<h1>CARACTERISTICAS ESTANDAR<\/h1>\n<ul>\n<li>De acoplamiento cerrado lo cual permite un funcionamiento de caudal estable y silencioso<\/li>\n<li>Liviana para permitir que una sola persona la pueda instalar f\u00e1cilmente<\/li>\n<li>Rueda motriz cerrada para una vida \u00fatil mas larga y una mayor duraci\u00f3n<\/li>\n<li>Disponible en modelos monof\u00e1sicos y trif\u00e1sicos, as\u00ed como en 50 Hz<\/li>\n<li>Capacidad de autocebado cuando esta equipada con el deposito de colador<\/li>\n<li>Dise\u00f1o de puerto de brida con certificaci\u00f3n ANSI: succi\u00f3n 6&#8243; y descarga 4&#8243;<\/li>\n<\/ul>\n<p><img loading=\"lazy\" decoding=\"async\" class=\"alignnone wp-image-431 size-large\" src=\"https:\/\/acuariosdelmar.com.ec\/site\/wp-content\/uploads\/2023\/10\/Recurso-10@4x-1-1024x424.png\" alt=\"\" width=\"800\" height=\"331\" srcset=\"https:\/\/acuariosdelmar.com.ec\/site\/wp-content\/uploads\/2023\/10\/Recurso-10@4x-1-1024x424.png 1024w, https:\/\/acuariosdelmar.com.ec\/site\/wp-content\/uploads\/2023\/10\/Recurso-10@4x-1-300x124.png 300w, https:\/\/acuariosdelmar.com.ec\/site\/wp-content\/uploads\/2023\/10\/Recurso-10@4x-1-768x318.png 768w, https:\/\/acuariosdelmar.com.ec\/site\/wp-content\/uploads\/2023\/10\/Recurso-10@4x-1-1536x636.png 1536w, https:\/\/acuariosdelmar.com.ec\/site\/wp-content\/uploads\/2023\/10\/Recurso-10@4x-1-2048x848.png 2048w, https:\/\/acuariosdelmar.com.ec\/site\/wp-content\/uploads\/2023\/10\/Recurso-10@4x-1-600x248.png 600w\" sizes=\"(max-width: 800px) 100vw, 800px\" \/><\/p>\n","protected":false},"excerpt":{"rendered":"<h3>Caracter\u00edsticas generales<\/h3>\n<p>La bomba Verus para servicio en acuicultivo brinda eficiencia el\u00e9ctrica e hidr\u00e1ulica extraordinarias que ofrece un rendimiento optimo y costos el\u00e9ctricos muy bajos. El dise\u00f1o de la bomba Verus comprobado en el campo ofrece menos desgaste sobre las piezas m\u00f3viles y un funcionamiento extremadamente silencioso. Las bombas Verus est\u00e1n equipadas con sujetadores internos de acero inoxidable probadas en agua salada y un sello mec\u00e1nico sumamente resistente espec\u00edficamente dise\u00f1ado para acuacultura comercial y otras aplicaciones acu\u00e1ticas de servicio pesado.<\/p>\n<p>Disponible en valores de caudal de hasta 800 gpm y de 3 a 15 hp. Las bombas Verus est\u00e1n equipadas con motores calificados por NEMA como de eficiencia excelente y de servicio continuo; presentan aislamiento de clase F para ser compatible con los variadores de eficiencia variable (que se venden por separado). Con una construcci\u00f3n termopl\u00e1stica resistente, las bombas Verus son resistentes a la corrosi\u00f3n y est\u00e1n aprobadas para uso con agua salada. Las ruedas motrices est\u00e1n fabricadas para un rendimiento verdaderamente de avanzada, que permite cargas menores y una vida \u00fatil mas larga del motor.<\/p>\n<p>La bomba Verus esta disponible con o sin un deposito del colador, para mayor flexibilidad en una amplia gama de aplicaciones de campo. Gracias a su peso liviano relativo a su tama\u00f1o, es posible que la pueda instalar una sola persona.<\/p>\n<p>la bomba est\u00e1 equipada con puertos de bombeo con bridas dise\u00f1ados seg\u00fan el est\u00e1ndar internacional ANSI; succi\u00f3n de 6&#8243; y descarga de 4&#8243;.<\/p>\n<p>El kit de bridas se vende por separado. Dimensiones aproximadas del producto: 43&#8243; de largo x 19&#8243; de ancho x 21,5&#8243; de alto. Homologada por UL778. No esta certificada para uso en aplicaciones para piscina.<\/p>\n","protected":false},"featured_media":243,"template":"","meta":[],"product_brand":[],"product_cat":[35],"product_tag":[],"class_list":{"0":"post-318","1":"product","2":"type-product","3":"status-publish","4":"has-post-thumbnail","6":"product_cat-bombeo","8":"first","9":"instock","10":"shipping-taxable","11":"product-type-simple"},"_links":{"self":[{"href":"https:\/\/acuariosdelmar.com.ec\/site\/wp-json\/wp\/v2\/product\/318","targetHints":{"allow":["GET"]}}],"collection":[{"href":"https:\/\/acuariosdelmar.com.ec\/site\/wp-json\/wp\/v2\/product"}],"about":[{"href":"https:\/\/acuariosdelmar.com.ec\/site\/wp-json\/wp\/v2\/types\/product"}],"wp:featuredmedia":[{"embeddable":true,"href":"https:\/\/acuariosdelmar.com.ec\/site\/wp-json\/wp\/v2\/media\/243"}],"wp:attachment":[{"href":"https:\/\/acuariosdelmar.com.ec\/site\/wp-json\/wp\/v2\/media?parent=318"}],"wp:term":[{"taxonomy":"product_brand","embeddable":true,"href":"https:\/\/acuariosdelmar.com.ec\/site\/wp-json\/wp\/v2\/product_brand?post=318"},{"taxonomy":"product_cat","embeddable":true,"href":"https:\/\/acuariosdelmar.com.ec\/site\/wp-json\/wp\/v2\/product_cat?post=318"},{"taxonomy":"product_tag","embeddable":true,"href":"https:\/\/acuariosdelmar.com.ec\/site\/wp-json\/wp\/v2\/product_tag?post=318"}],"curies":[{"name":"wp","href":"https:\/\/api.w.org\/{rel}","templated":true}]}}