{"id":418,"date":"2023-11-01T01:14:15","date_gmt":"2023-11-01T01:14:15","guid":{"rendered":"https:\/\/acuariosdelmar.com.ec\/site\/?post_type=product&#038;p=418"},"modified":"2023-11-01T01:14:15","modified_gmt":"2023-11-01T01:14:15","slug":"compresores-12v","status":"publish","type":"product","link":"https:\/\/acuariosdelmar.com.ec\/site\/producto\/compresores-12v\/","title":{"rendered":"Compresores 12V"},"content":{"rendered":"<p><img fetchpriority=\"high\" decoding=\"async\" class=\"alignnone wp-image-419 size-large\" src=\"https:\/\/acuariosdelmar.com.ec\/site\/wp-content\/uploads\/2023\/11\/Recurso-3@4x-1024x227.png\" alt=\"\" width=\"800\" height=\"177\" srcset=\"https:\/\/acuariosdelmar.com.ec\/site\/wp-content\/uploads\/2023\/11\/Recurso-3@4x-1024x227.png 1024w, https:\/\/acuariosdelmar.com.ec\/site\/wp-content\/uploads\/2023\/11\/Recurso-3@4x-300x67.png 300w, https:\/\/acuariosdelmar.com.ec\/site\/wp-content\/uploads\/2023\/11\/Recurso-3@4x-768x170.png 768w, https:\/\/acuariosdelmar.com.ec\/site\/wp-content\/uploads\/2023\/11\/Recurso-3@4x-600x133.png 600w, https:\/\/acuariosdelmar.com.ec\/site\/wp-content\/uploads\/2023\/11\/Recurso-3@4x.png 1150w\" sizes=\"(max-width: 800px) 100vw, 800px\" \/><\/p>\n","protected":false},"excerpt":{"rendered":"<h3>Caracter\u00edsticas generales<\/h3>\n<ul>\n<li>Para uso en transporte<\/li>\n<li>F\u00e1cil conexi\u00f3n a bater\u00eda<\/li>\n<\/ul>\n","protected":false},"featured_media":420,"template":"","meta":[],"product_brand":[],"product_cat":[33],"product_tag":[],"class_list":{"0":"post-418","1":"product","2":"type-product","3":"status-publish","4":"has-post-thumbnail","6":"product_cat-aireacion","8":"first","9":"instock","10":"shipping-taxable","11":"product-type-simple"},"_links":{"self":[{"href":"https:\/\/acuariosdelmar.com.ec\/site\/wp-json\/wp\/v2\/product\/418","targetHints":{"allow":["GET"]}}],"collection":[{"href":"https:\/\/acuariosdelmar.com.ec\/site\/wp-json\/wp\/v2\/product"}],"about":[{"href":"https:\/\/acuariosdelmar.com.ec\/site\/wp-json\/wp\/v2\/types\/product"}],"wp:featuredmedia":[{"embeddable":true,"href":"https:\/\/acuariosdelmar.com.ec\/site\/wp-json\/wp\/v2\/media\/420"}],"wp:attachment":[{"href":"https:\/\/acuariosdelmar.com.ec\/site\/wp-json\/wp\/v2\/media?parent=418"}],"wp:term":[{"taxonomy":"product_brand","embeddable":true,"href":"https:\/\/acuariosdelmar.com.ec\/site\/wp-json\/wp\/v2\/product_brand?post=418"},{"taxonomy":"product_cat","embeddable":true,"href":"https:\/\/acuariosdelmar.com.ec\/site\/wp-json\/wp\/v2\/product_cat?post=418"},{"taxonomy":"product_tag","embeddable":true,"href":"https:\/\/acuariosdelmar.com.ec\/site\/wp-json\/wp\/v2\/product_tag?post=418"}],"curies":[{"name":"wp","href":"https:\/\/api.w.org\/{rel}","templated":true}]}}